{"id":37673,"date":"2026-05-08T19:59:06","date_gmt":"2026-05-08T19:59:06","guid":{"rendered":"https:\/\/glopal.ma\/?post_type=product&#038;p=37673"},"modified":"2026-05-08T19:59:06","modified_gmt":"2026-05-08T19:59:06","slug":"rouleaux-film-etirable-1kg-noir","status":"publish","type":"product","link":"https:\/\/glopal.ma\/?product=rouleaux-film-etirable-1kg-noir","title":{"rendered":"ROULEAUX FILM ETIRABLE 1KG NOIR"},"content":{"rendered":"<p data-start=\"0\" data-end=\"33\">Film \u00e9tirable noir 1 kg (rouleau)<\/p>\n<p data-start=\"35\" data-end=\"174\">Rouleau de film \u00e9tirable noir de 1 kg, utilis\u00e9 pour la palettisation et la protection des marchandises pendant le transport et le stockage.<\/p>\n<p data-start=\"176\" data-end=\"204\">Caract\u00e9ristiques g\u00e9n\u00e9rales :<\/p>\n<ul data-start=\"205\" data-end=\"462\">\n<li data-start=\"205\" data-end=\"232\">Poids du rouleau : 1 kg<\/li>\n<li data-start=\"233\" data-end=\"294\">Couleur noire pour opacit\u00e9 et confidentialit\u00e9 des charges<\/li>\n<li data-start=\"295\" data-end=\"349\">Haute \u00e9lasticit\u00e9 pour un bon maintien des palettes<\/li>\n<li data-start=\"350\" data-end=\"422\">Protection contre la poussi\u00e8re, l\u2019humidit\u00e9 et les regards ext\u00e9rieurs<\/li>\n<li data-start=\"423\" data-end=\"462\">Utilisation manuelle avec d\u00e9rouleur<\/li>\n<\/ul>\n<p data-start=\"464\" data-end=\"602\" data-is-last-node=\"\" data-is-only-node=\"\">Ce type de film est largement utilis\u00e9 en logistique et industrie pour s\u00e9curiser les palettes tout en masquant le contenu des marchandises.<\/p>\n","protected":false},"excerpt":{"rendered":"<p>Film \u00e9tirable noir 1 kg (rouleau) Rouleau de film \u00e9tirable noir de 1 kg, utilis\u00e9 pour la palettisation et la protection des marchandises pendant le transport et le stockage. Caract\u00e9ristiques&hellip;<\/p>\n","protected":false},"featured_media":37674,"comment_status":"open","ping_status":"closed","template":"","meta":[],"product_brand":[],"product_cat":[249],"product_tag":[],"class_list":{"0":"post-37673","1":"product","2":"type-product","3":"status-publish","4":"has-post-thumbnail","6":"product_cat-plastique","8":"first","9":"instock","10":"shipping-taxable","11":"product-type-simple"},"_links":{"self":[{"href":"https:\/\/glopal.ma\/index.php?rest_route=\/wp\/v2\/product\/37673","targetHints":{"allow":["GET"]}}],"collection":[{"href":"https:\/\/glopal.ma\/index.php?rest_route=\/wp\/v2\/product"}],"about":[{"href":"https:\/\/glopal.ma\/index.php?rest_route=\/wp\/v2\/types\/product"}],"replies":[{"embeddable":true,"href":"https:\/\/glopal.ma\/index.php?rest_route=%2Fwp%2Fv2%2Fcomments&post=37673"}],"version-history":[{"count":1,"href":"https:\/\/glopal.ma\/index.php?rest_route=\/wp\/v2\/product\/37673\/revisions"}],"predecessor-version":[{"id":37675,"href":"https:\/\/glopal.ma\/index.php?rest_route=\/wp\/v2\/product\/37673\/revisions\/37675"}],"wp:featuredmedia":[{"embeddable":true,"href":"https:\/\/glopal.ma\/index.php?rest_route=\/wp\/v2\/media\/37674"}],"wp:attachment":[{"href":"https:\/\/glopal.ma\/index.php?rest_route=%2Fwp%2Fv2%2Fmedia&parent=37673"}],"wp:term":[{"taxonomy":"product_brand","embeddable":true,"href":"https:\/\/glopal.ma\/index.php?rest_route=%2Fwp%2Fv2%2Fproduct_brand&post=37673"},{"taxonomy":"product_cat","embeddable":true,"href":"https:\/\/glopal.ma\/index.php?rest_route=%2Fwp%2Fv2%2Fproduct_cat&post=37673"},{"taxonomy":"product_tag","embeddable":true,"href":"https:\/\/glopal.ma\/index.php?rest_route=%2Fwp%2Fv2%2Fproduct_tag&post=37673"}],"curies":[{"name":"wp","href":"https:\/\/api.w.org\/{rel}","templated":true}]}}