{"id":37654,"date":"2026-05-08T19:51:26","date_gmt":"2026-05-08T19:51:26","guid":{"rendered":"https:\/\/glopal.ma\/?post_type=product&#038;p=37654"},"modified":"2026-05-08T19:51:26","modified_gmt":"2026-05-08T19:51:26","slug":"rouleaux-film-etirable-2kg","status":"publish","type":"product","link":"https:\/\/glopal.ma\/?product=rouleaux-film-etirable-2kg","title":{"rendered":"ROULEAUX FILM ETIRABLE 2KG"},"content":{"rendered":"<section class=\"text-token-text-primary w-full focus:outline-none [--shadow-height:45px] has-data-writing-block:pointer-events-none has-data-writing-block:-mt-(--shadow-height) has-data-writing-block:pt-(--shadow-height) [&amp;:has([data-writing-block])&gt;*]:pointer-events-auto R6Vx5W_threadScrollVars scroll-mb-[calc(var(--scroll-root-safe-area-inset-bottom,0px)+var(--thread-response-height))] scroll-mt-(--header-height)\" dir=\"auto\" data-turn-id=\"129a700e-d377-4cbc-9d06-e74cb5554231\" data-testid=\"conversation-turn-69\" data-scroll-anchor=\"false\" data-turn=\"user\"><\/section>\n<section class=\"text-token-text-primary w-full focus:outline-none [--shadow-height:45px] has-data-writing-block:pointer-events-none has-data-writing-block:-mt-(--shadow-height) has-data-writing-block:pt-(--shadow-height) [&amp;:has([data-writing-block])&gt;*]:pointer-events-auto [content-visibility:auto] supports-[content-visibility:auto]:[contain-intrinsic-size:auto_100lvh] R6Vx5W_threadScrollVars scroll-mb-[calc(var(--scroll-root-safe-area-inset-bottom,0px)+var(--thread-response-height))] scroll-mt-[calc(var(--header-height)+min(200px,max(70px,20svh)))]\" dir=\"auto\" data-turn-id=\"request-69fcd8d2-c314-83ea-8251-0955c58c2f3e-16\" data-testid=\"conversation-turn-70\" data-scroll-anchor=\"false\" data-turn=\"assistant\">\n<div class=\"text-base my-auto mx-auto pb-10 [--thread-content-margin:var(--thread-content-margin-xs,calc(var(--spacing)*4))] @w-sm\/main:[--thread-content-margin:var(--thread-content-margin-sm,calc(var(--spacing)*6))] @w-lg\/main:[--thread-content-margin:var(--thread-content-margin-lg,calc(var(--spacing)*16))] px-(--thread-content-margin)\">\n<div class=\"[--thread-content-max-width:40rem] @w-lg\/main:[--thread-content-max-width:48rem] mx-auto max-w-(--thread-content-max-width) flex-1 group\/turn-messages focus-visible:outline-hidden relative flex w-full min-w-0 flex-col agent-turn\">\n<div class=\"flex max-w-full flex-col gap-4 grow\">\n<div class=\"min-h-8 text-message relative flex w-full flex-col items-end gap-2 text-start break-words whitespace-normal outline-none keyboard-focused:focus-ring [.text-message+&amp;]:mt-1\" dir=\"auto\" tabindex=\"0\" data-message-author-role=\"assistant\" data-message-id=\"a2978a0b-d014-4db1-98f6-e8d8456f4d2f\" data-message-model-slug=\"gpt-5-3-mini\" data-turn-start-message=\"true\">\n<div class=\"flex w-full flex-col gap-1 empty:hidden\">\n<div class=\"markdown prose dark:prose-invert wrap-break-word w-full light markdown-new-styling\">\n<p data-start=\"0\" data-end=\"28\">Film \u00e9tirable 2 kg (rouleau)<\/p>\n<p data-start=\"30\" data-end=\"163\">Rouleau de film \u00e9tirable de 2 kg utilis\u00e9 pour la palettisation et la protection des marchandises pendant le transport et le stockage.<\/p>\n<p data-start=\"165\" data-end=\"193\">Caract\u00e9ristiques g\u00e9n\u00e9rales :<\/p>\n<ul data-start=\"194\" data-end=\"437\">\n<li data-start=\"194\" data-end=\"221\">Poids du rouleau : 2 kg<\/li>\n<li data-start=\"222\" data-end=\"274\">Utilis\u00e9 pour emballer et stabiliser les palettes<\/li>\n<li data-start=\"275\" data-end=\"327\">Haute \u00e9lasticit\u00e9 pour bien maintenir les charges<\/li>\n<li data-start=\"328\" data-end=\"394\">Protection contre la poussi\u00e8re, l\u2019humidit\u00e9 et les chocs l\u00e9gers<\/li>\n<li data-start=\"395\" data-end=\"437\">Application manuelle ou avec d\u00e9rouleur<\/li>\n<\/ul>\n<p data-start=\"439\" data-end=\"566\" data-is-last-node=\"\" data-is-only-node=\"\">Ce type de film est tr\u00e8s utilis\u00e9 en logistique, entrep\u00f4ts et exp\u00e9dition pour s\u00e9curiser les cartons et palettes avant transport.<\/p>\n<\/div>\n<\/div>\n<\/div>\n<\/div>\n<div class=\"z-0 flex min-h-[46px] justify-start\"><\/div>\n<div class=\"mt-3 w-full empty:hidden\">\n<div class=\"text-center\"><\/div>\n<\/div>\n<\/div>\n<\/div>\n<\/section>\n<div class=\"pointer-events-none -mt-px h-px translate-y-[calc(var(--scroll-root-safe-area-inset-bottom)-14*var(--spacing))]\" aria-hidden=\"true\"><\/div>\n","protected":false},"excerpt":{"rendered":"<p>Film \u00e9tirable 2 kg (rouleau) Rouleau de film \u00e9tirable de 2 kg utilis\u00e9 pour la palettisation et la protection des marchandises pendant le transport et le stockage. Caract\u00e9ristiques g\u00e9n\u00e9rales :&hellip;<\/p>\n","protected":false},"featured_media":37655,"comment_status":"open","ping_status":"closed","template":"","meta":[],"product_brand":[],"product_cat":[249],"product_tag":[],"class_list":{"0":"post-37654","1":"product","2":"type-product","3":"status-publish","4":"has-post-thumbnail","6":"product_cat-plastique","8":"first","9":"instock","10":"shipping-taxable","11":"product-type-simple"},"_links":{"self":[{"href":"https:\/\/glopal.ma\/index.php?rest_route=\/wp\/v2\/product\/37654","targetHints":{"allow":["GET"]}}],"collection":[{"href":"https:\/\/glopal.ma\/index.php?rest_route=\/wp\/v2\/product"}],"about":[{"href":"https:\/\/glopal.ma\/index.php?rest_route=\/wp\/v2\/types\/product"}],"replies":[{"embeddable":true,"href":"https:\/\/glopal.ma\/index.php?rest_route=%2Fwp%2Fv2%2Fcomments&post=37654"}],"version-history":[{"count":2,"href":"https:\/\/glopal.ma\/index.php?rest_route=\/wp\/v2\/product\/37654\/revisions"}],"predecessor-version":[{"id":37657,"href":"https:\/\/glopal.ma\/index.php?rest_route=\/wp\/v2\/product\/37654\/revisions\/37657"}],"wp:featuredmedia":[{"embeddable":true,"href":"https:\/\/glopal.ma\/index.php?rest_route=\/wp\/v2\/media\/37655"}],"wp:attachment":[{"href":"https:\/\/glopal.ma\/index.php?rest_route=%2Fwp%2Fv2%2Fmedia&parent=37654"}],"wp:term":[{"taxonomy":"product_brand","embeddable":true,"href":"https:\/\/glopal.ma\/index.php?rest_route=%2Fwp%2Fv2%2Fproduct_brand&post=37654"},{"taxonomy":"product_cat","embeddable":true,"href":"https:\/\/glopal.ma\/index.php?rest_route=%2Fwp%2Fv2%2Fproduct_cat&post=37654"},{"taxonomy":"product_tag","embeddable":true,"href":"https:\/\/glopal.ma\/index.php?rest_route=%2Fwp%2Fv2%2Fproduct_tag&post=37654"}],"curies":[{"name":"wp","href":"https:\/\/api.w.org\/{rel}","templated":true}]}}