{"id":37651,"date":"2026-05-08T19:50:22","date_gmt":"2026-05-08T19:50:22","guid":{"rendered":"https:\/\/glopal.ma\/?post_type=product&#038;p=37651"},"modified":"2026-05-08T19:50:22","modified_gmt":"2026-05-08T19:50:22","slug":"rouleaux-absorbant-46cm-x-45m","status":"publish","type":"product","link":"https:\/\/glopal.ma\/?product=rouleaux-absorbant-46cm-x-45m","title":{"rendered":"Rouleaux absorbant 46cm X 45M"},"content":{"rendered":"<p data-start=\"0\" data-end=\"32\">Rouleaux absorbants 46 cm x 45 m<\/p>\n<p data-start=\"34\" data-end=\"214\">Rouleau absorbant de dimensions 46 cm x 45 m, utilis\u00e9 pour l\u2019absorption des liquides (huile, eau, solvants l\u00e9gers selon le type) dans les environnements industriels et logistiques.<\/p>\n<p data-start=\"216\" data-end=\"244\">Caract\u00e9ristiques g\u00e9n\u00e9rales :<\/p>\n<ul data-start=\"245\" data-end=\"511\">\n<li data-start=\"245\" data-end=\"299\">Format en rouleau pour couvrir de grandes surfaces<\/li>\n<li data-start=\"300\" data-end=\"349\">Haute capacit\u00e9 d\u2019absorption selon le grammage<\/li>\n<li data-start=\"350\" data-end=\"408\">Utilis\u00e9 en ateliers, entrep\u00f4ts et zones de maintenance<\/li>\n<li data-start=\"409\" data-end=\"469\">Permet de nettoyer rapidement les fuites et d\u00e9versements<\/li>\n<li data-start=\"470\" data-end=\"511\">D\u00e9coupable facilement selon le besoin<\/li>\n<\/ul>\n<p data-start=\"513\" data-end=\"696\" data-is-last-node=\"\" data-is-only-node=\"\">Ce type de produit est tr\u00e8s utilis\u00e9 dans la s\u00e9curit\u00e9 industrielle et la maintenance pour maintenir les zones de travail propres et r\u00e9duire les risques de glissade ou de contamination.<\/p>\n","protected":false},"excerpt":{"rendered":"<p>Rouleaux absorbants 46 cm x 45 m Rouleau absorbant de dimensions 46 cm x 45 m, utilis\u00e9 pour l\u2019absorption des liquides (huile, eau, solvants l\u00e9gers selon le type) dans les&hellip;<\/p>\n","protected":false},"featured_media":37652,"comment_status":"open","ping_status":"closed","template":"","meta":[],"product_brand":[],"product_cat":[249],"product_tag":[],"class_list":{"0":"post-37651","1":"product","2":"type-product","3":"status-publish","4":"has-post-thumbnail","6":"product_cat-plastique","8":"first","9":"instock","10":"shipping-taxable","11":"product-type-simple"},"_links":{"self":[{"href":"https:\/\/glopal.ma\/index.php?rest_route=\/wp\/v2\/product\/37651","targetHints":{"allow":["GET"]}}],"collection":[{"href":"https:\/\/glopal.ma\/index.php?rest_route=\/wp\/v2\/product"}],"about":[{"href":"https:\/\/glopal.ma\/index.php?rest_route=\/wp\/v2\/types\/product"}],"replies":[{"embeddable":true,"href":"https:\/\/glopal.ma\/index.php?rest_route=%2Fwp%2Fv2%2Fcomments&post=37651"}],"version-history":[{"count":1,"href":"https:\/\/glopal.ma\/index.php?rest_route=\/wp\/v2\/product\/37651\/revisions"}],"predecessor-version":[{"id":37653,"href":"https:\/\/glopal.ma\/index.php?rest_route=\/wp\/v2\/product\/37651\/revisions\/37653"}],"wp:featuredmedia":[{"embeddable":true,"href":"https:\/\/glopal.ma\/index.php?rest_route=\/wp\/v2\/media\/37652"}],"wp:attachment":[{"href":"https:\/\/glopal.ma\/index.php?rest_route=%2Fwp%2Fv2%2Fmedia&parent=37651"}],"wp:term":[{"taxonomy":"product_brand","embeddable":true,"href":"https:\/\/glopal.ma\/index.php?rest_route=%2Fwp%2Fv2%2Fproduct_brand&post=37651"},{"taxonomy":"product_cat","embeddable":true,"href":"https:\/\/glopal.ma\/index.php?rest_route=%2Fwp%2Fv2%2Fproduct_cat&post=37651"},{"taxonomy":"product_tag","embeddable":true,"href":"https:\/\/glopal.ma\/index.php?rest_route=%2Fwp%2Fv2%2Fproduct_tag&post=37651"}],"curies":[{"name":"wp","href":"https:\/\/api.w.org\/{rel}","templated":true}]}}