{"id":37648,"date":"2026-05-08T19:48:32","date_gmt":"2026-05-08T19:48:32","guid":{"rendered":"https:\/\/glopal.ma\/?post_type=product&#038;p=37648"},"modified":"2026-05-08T19:48:32","modified_gmt":"2026-05-08T19:48:32","slug":"feuillard-de-cerclage","status":"publish","type":"product","link":"https:\/\/glopal.ma\/?product=feuillard-de-cerclage","title":{"rendered":"feuillard de cerclage"},"content":{"rendered":"<section class=\"text-token-text-primary w-full focus:outline-none [--shadow-height:45px] has-data-writing-block:pointer-events-none has-data-writing-block:-mt-(--shadow-height) has-data-writing-block:pt-(--shadow-height) [&amp;:has([data-writing-block])&gt;*]:pointer-events-auto [content-visibility:auto] supports-[content-visibility:auto]:[contain-intrinsic-size:auto_100lvh] R6Vx5W_threadScrollVars scroll-mb-[calc(var(--scroll-root-safe-area-inset-bottom,0px)+var(--thread-response-height))] scroll-mt-[calc(var(--header-height)+min(200px,max(70px,20svh)))]\" dir=\"auto\" data-turn-id=\"request-69fcd8d2-c314-83ea-8251-0955c58c2f3e-14\" data-testid=\"conversation-turn-66\" data-scroll-anchor=\"false\" data-turn=\"assistant\">\n<div class=\"text-base my-auto mx-auto pb-10 [--thread-content-margin:var(--thread-content-margin-xs,calc(var(--spacing)*4))] @w-sm\/main:[--thread-content-margin:var(--thread-content-margin-sm,calc(var(--spacing)*6))] @w-lg\/main:[--thread-content-margin:var(--thread-content-margin-lg,calc(var(--spacing)*16))] px-(--thread-content-margin)\">\n<div class=\"[--thread-content-max-width:40rem] @w-lg\/main:[--thread-content-max-width:48rem] mx-auto max-w-(--thread-content-max-width) flex-1 group\/turn-messages focus-visible:outline-hidden relative flex w-full min-w-0 flex-col agent-turn\">\n<div class=\"flex max-w-full flex-col gap-4 grow\">\n<div class=\"min-h-8 text-message relative flex w-full flex-col items-end gap-2 text-start break-words whitespace-normal outline-none keyboard-focused:focus-ring [.text-message+&amp;]:mt-1\" dir=\"auto\" tabindex=\"0\" data-message-author-role=\"assistant\" data-message-id=\"c0969ca3-fecd-4fcc-8221-d4050381781d\" data-message-model-slug=\"gpt-5-3-mini\" data-turn-start-message=\"true\">\n<div class=\"flex w-full flex-col gap-1 empty:hidden\">\n<div class=\"markdown prose dark:prose-invert wrap-break-word w-full light markdown-new-styling\">\n<p data-start=\"0\" data-end=\"21\">Feuillard de cerclage<\/p>\n<p data-start=\"23\" data-end=\"198\">Le feuillard de cerclage est un ruban de fixation utilis\u00e9 pour regrouper, maintenir et s\u00e9curiser des colis, cartons ou charges palettis\u00e9es pendant le transport et le stockage.<\/p>\n<p data-start=\"200\" data-end=\"228\">Caract\u00e9ristiques g\u00e9n\u00e9rales :<\/p>\n<ul data-start=\"229\" data-end=\"594\">\n<li data-start=\"229\" data-end=\"307\">Disponible en plastique (PP, PET) ou en acier selon la r\u00e9sistance<\/li>\n<li data-start=\"308\" data-end=\"380\">Sert \u00e0 stabiliser les charges sur palette et \u00e9viter les d\u00e9placements<\/li>\n<li data-start=\"381\" data-end=\"453\">Utilis\u00e9 avec des tendeurs et boucles ou avec une machine de cerclage<\/li>\n<li data-start=\"454\" data-end=\"537\">R\u00e9sistant \u00e0 la traction pour s\u00e9curiser les marchandises lourdes ou volumineuses<\/li>\n<li data-start=\"538\" data-end=\"594\">Adapt\u00e9 \u00e0 la logistique, l\u2019industrie et l\u2019exportation<\/li>\n<\/ul>\n<p data-start=\"596\" data-end=\"765\" data-is-last-node=\"\" data-is-only-node=\"\">Il est largement utilis\u00e9 dans les entrep\u00f4ts et la cha\u00eene logistique pour renforcer la stabilit\u00e9 des emballages et r\u00e9duire les risques de dommages pendant la manutention.<\/p>\n<\/div>\n<\/div>\n<\/div>\n<\/div>\n<div class=\"z-0 flex min-h-[46px] justify-start\"><\/div>\n<div class=\"mt-3 w-full empty:hidden\">\n<div class=\"text-center\"><\/div>\n<\/div>\n<\/div>\n<\/div>\n<\/section>\n<div class=\"pointer-events-none -mt-px h-px translate-y-[calc(var(--scroll-root-safe-area-inset-bottom)-14*var(--spacing))]\" aria-hidden=\"true\"><\/div>\n","protected":false},"excerpt":{"rendered":"<p>Feuillard de cerclage Le feuillard de cerclage est un ruban de fixation utilis\u00e9 pour regrouper, maintenir et s\u00e9curiser des colis, cartons ou charges palettis\u00e9es pendant le transport et le stockage.&hellip;<\/p>\n","protected":false},"featured_media":37649,"comment_status":"open","ping_status":"closed","template":"","meta":[],"product_brand":[],"product_cat":[249],"product_tag":[],"class_list":{"0":"post-37648","1":"product","2":"type-product","3":"status-publish","4":"has-post-thumbnail","6":"product_cat-plastique","8":"first","9":"instock","10":"shipping-taxable","11":"product-type-simple"},"_links":{"self":[{"href":"https:\/\/glopal.ma\/index.php?rest_route=\/wp\/v2\/product\/37648","targetHints":{"allow":["GET"]}}],"collection":[{"href":"https:\/\/glopal.ma\/index.php?rest_route=\/wp\/v2\/product"}],"about":[{"href":"https:\/\/glopal.ma\/index.php?rest_route=\/wp\/v2\/types\/product"}],"replies":[{"embeddable":true,"href":"https:\/\/glopal.ma\/index.php?rest_route=%2Fwp%2Fv2%2Fcomments&post=37648"}],"version-history":[{"count":1,"href":"https:\/\/glopal.ma\/index.php?rest_route=\/wp\/v2\/product\/37648\/revisions"}],"predecessor-version":[{"id":37650,"href":"https:\/\/glopal.ma\/index.php?rest_route=\/wp\/v2\/product\/37648\/revisions\/37650"}],"wp:featuredmedia":[{"embeddable":true,"href":"https:\/\/glopal.ma\/index.php?rest_route=\/wp\/v2\/media\/37649"}],"wp:attachment":[{"href":"https:\/\/glopal.ma\/index.php?rest_route=%2Fwp%2Fv2%2Fmedia&parent=37648"}],"wp:term":[{"taxonomy":"product_brand","embeddable":true,"href":"https:\/\/glopal.ma\/index.php?rest_route=%2Fwp%2Fv2%2Fproduct_brand&post=37648"},{"taxonomy":"product_cat","embeddable":true,"href":"https:\/\/glopal.ma\/index.php?rest_route=%2Fwp%2Fv2%2Fproduct_cat&post=37648"},{"taxonomy":"product_tag","embeddable":true,"href":"https:\/\/glopal.ma\/index.php?rest_route=%2Fwp%2Fv2%2Fproduct_tag&post=37648"}],"curies":[{"name":"wp","href":"https:\/\/api.w.org\/{rel}","templated":true}]}}