{"id":37337,"date":"2026-04-05T13:43:10","date_gmt":"2026-04-05T13:43:10","guid":{"rendered":"https:\/\/glopal.ma\/?post_type=product&#038;p=37337"},"modified":"2026-04-05T13:43:10","modified_gmt":"2026-04-05T13:43:10","slug":"sachet-reuleaux-600-mm-x-015-transparent","status":"publish","type":"product","link":"https:\/\/glopal.ma\/?product=sachet-reuleaux-600-mm-x-015-transparent","title":{"rendered":"Sachet reuleaux 600 mm X 0,15 transparent"},"content":{"rendered":"<p data-start=\"100\" data-end=\"386\"><strong data-start=\"100\" data-end=\"116\">Dimensions :<\/strong> 600 mm de largeur \u00d7 0,15 mm d\u2019\u00e9paisseur.<br data-start=\"157\" data-end=\"160\" \/><strong data-start=\"160\" data-end=\"174\">Mat\u00e9riau :<\/strong> Film plastique transparent (PE), r\u00e9sistant et flexible.<br data-start=\"230\" data-end=\"233\" \/><strong data-start=\"233\" data-end=\"250\">Utilisation :<\/strong> Id\u00e9al pour l\u2019emballage, la protection et le conditionnement de produits divers dans les secteurs industriels, agricoles et logistiques.<\/p>\n<p data-start=\"388\" data-end=\"412\"><strong data-start=\"388\" data-end=\"410\">Caract\u00e9ristiques :<\/strong><\/p>\n<ul data-start=\"413\" data-end=\"872\">\n<li data-start=\"413\" data-end=\"500\"><strong data-start=\"415\" data-end=\"433\">Transparence :<\/strong> Permet une visibilit\u00e9 claire du contenu sans ouvrir l\u2019emballage.<\/li>\n<li data-start=\"501\" data-end=\"570\"><strong data-start=\"503\" data-end=\"519\">R\u00e9sistance :<\/strong> Bonne tenue face aux d\u00e9chirures et perforations.<\/li>\n<li data-start=\"571\" data-end=\"650\"><strong data-start=\"573\" data-end=\"589\">Protection :<\/strong> Prot\u00e8ge contre la poussi\u00e8re, l\u2019humidit\u00e9 et les salissures.<\/li>\n<li data-start=\"651\" data-end=\"729\"><strong data-start=\"653\" data-end=\"668\">Praticit\u00e9 :<\/strong> Pr\u00e9sent\u00e9 en rouleau pour une utilisation facile et rapide.<\/li>\n<li data-start=\"730\" data-end=\"795\"><strong data-start=\"732\" data-end=\"749\">Polyvalence :<\/strong> Adapt\u00e9 \u00e0 l\u2019emballage manuel ou automatique.<\/li>\n<li data-start=\"796\" data-end=\"872\"><strong data-start=\"798\" data-end=\"820\">Personnalisation :<\/strong> Possibilit\u00e9 de d\u00e9coupe selon la longueur souhait\u00e9e.<\/li>\n<\/ul>\n","protected":false},"excerpt":{"rendered":"<p>Dimensions : 600 mm de largeur \u00d7 0,15 mm d\u2019\u00e9paisseur.Mat\u00e9riau : Film plastique transparent (PE), r\u00e9sistant et flexible.Utilisation : Id\u00e9al pour l\u2019emballage, la protection et le conditionnement de produits divers&hellip;<\/p>\n","protected":false},"featured_media":37338,"comment_status":"open","ping_status":"closed","template":"","meta":[],"product_brand":[],"product_cat":[249],"product_tag":[],"class_list":{"0":"post-37337","1":"product","2":"type-product","3":"status-publish","4":"has-post-thumbnail","6":"product_cat-plastique","8":"first","9":"instock","10":"shipping-taxable","11":"product-type-simple"},"_links":{"self":[{"href":"https:\/\/glopal.ma\/index.php?rest_route=\/wp\/v2\/product\/37337","targetHints":{"allow":["GET"]}}],"collection":[{"href":"https:\/\/glopal.ma\/index.php?rest_route=\/wp\/v2\/product"}],"about":[{"href":"https:\/\/glopal.ma\/index.php?rest_route=\/wp\/v2\/types\/product"}],"replies":[{"embeddable":true,"href":"https:\/\/glopal.ma\/index.php?rest_route=%2Fwp%2Fv2%2Fcomments&post=37337"}],"version-history":[{"count":0,"href":"https:\/\/glopal.ma\/index.php?rest_route=\/wp\/v2\/product\/37337\/revisions"}],"wp:featuredmedia":[{"embeddable":true,"href":"https:\/\/glopal.ma\/index.php?rest_route=\/wp\/v2\/media\/37338"}],"wp:attachment":[{"href":"https:\/\/glopal.ma\/index.php?rest_route=%2Fwp%2Fv2%2Fmedia&parent=37337"}],"wp:term":[{"taxonomy":"product_brand","embeddable":true,"href":"https:\/\/glopal.ma\/index.php?rest_route=%2Fwp%2Fv2%2Fproduct_brand&post=37337"},{"taxonomy":"product_cat","embeddable":true,"href":"https:\/\/glopal.ma\/index.php?rest_route=%2Fwp%2Fv2%2Fproduct_cat&post=37337"},{"taxonomy":"product_tag","embeddable":true,"href":"https:\/\/glopal.ma\/index.php?rest_route=%2Fwp%2Fv2%2Fproduct_tag&post=37337"}],"curies":[{"name":"wp","href":"https:\/\/api.w.org\/{rel}","templated":true}]}}